{"id":241,"date":"2019-05-08T11:53:42","date_gmt":"2019-05-08T11:53:42","guid":{"rendered":"http:\/\/laserinside.com\/?page_id=241"},"modified":"2019-05-08T14:30:46","modified_gmt":"2019-05-08T14:30:46","slug":"hifu-3d","status":"publish","type":"page","link":"https:\/\/laserinside.com\/index.php\/hifu-3d\/","title":{"rendered":"HIFU 3D"},"content":{"rendered":"<h3><img loading=\"lazy\" class=\"alignnone size-medium wp-image-242\" src=\"http:\/\/laserinside.com\/wp-content\/uploads\/2019\/05\/hifu.barcelona.muslos.cara_.interna.02-1-249x300.jpg\" alt=\"\" width=\"249\" height=\"300\" srcset=\"https:\/\/laserinside.com\/wp-content\/uploads\/2019\/05\/hifu.barcelona.muslos.cara_.interna.02-1-249x300.jpg 249w, https:\/\/laserinside.com\/wp-content\/uploads\/2019\/05\/hifu.barcelona.muslos.cara_.interna.02-1.jpg 415w\" sizes=\"(max-width: 249px) 100vw, 249px\" \/> <img loading=\"lazy\" class=\"alignnone size-medium wp-image-243\" src=\"http:\/\/laserinside.com\/wp-content\/uploads\/2019\/05\/hifu.barcelona.muslos.cara_.interna.03-249x300.jpg\" alt=\"\" width=\"249\" height=\"300\" srcset=\"https:\/\/laserinside.com\/wp-content\/uploads\/2019\/05\/hifu.barcelona.muslos.cara_.interna.03-249x300.jpg 249w, https:\/\/laserinside.com\/wp-content\/uploads\/2019\/05\/hifu.barcelona.muslos.cara_.interna.03.jpg 415w\" sizes=\"(max-width: 249px) 100vw, 249px\" \/><\/h3>\n<p>Desde Hollywood hasta nuestro pa\u00eds, muchas son las mujeres que ya han probado los beneficios del HIFU 3D, o lo que es lo mismo,\u00a0<strong>ultrasonido focalizado de alta intensidad<\/strong>. \u00bfPero en qu\u00e9 consiste?\u00a0<strong>\u00bfQu\u00e9 efectos secundarios o contraindicaciones puedo correr?<\/strong>\u00a0\u00bfLos resultados son tan buenos como nos cuentan?<\/p>\n<p>Desde que muchas y muchos famosos confesasen que uno de sus secretos para estar perfectas era el del\u00a0<strong>HIFU 3D, esta t\u00e9cnica medico est\u00e9tica se puso de moda por todo el mundo<\/strong>\u00a0y ahora hay muchas mujeres y hombres a los que ya se le ha pasado por la cabeza ponerse en manos de los ultrasonidos para\u00a0<strong>definir su cuerpo, acabar con las grasas acumuladas y disfrutar de una piel mucho m\u00e1s joven y tersa<\/strong>. S\u00ed a\u00fan no sabes de qu\u00e9 estamos hablando, sigue leyendo porque resolveremos todas tus dudas.<\/p>\n<h2><strong>\u00bfQu\u00e9 es el HIFU 3D y c\u00f3mo se lleva a cabo?<\/strong><\/h2>\n<p>Esta t\u00e9cnica se puede definir como la\u00a0<strong>aplicaci\u00f3n de ultrasonidos en ciertas zonas del cuerpo\u00a0<\/strong>que se transforma en una\u00a0<strong>alta energ\u00eda para destruir ciertas c\u00e9lulas grasas de dif\u00edcil eliminaci\u00f3n<\/strong>\u00a0gracias a un considerable aumento de la temperatura, o lo que se conoce tambi\u00e9n como\u00a0<strong>ablaci\u00f3n t\u00e9rmica<\/strong>. Y aunque explicado as\u00ed suene peligroso o doloroso, esta\u00a0<strong>es una t\u00e9cnica no invasiva<\/strong>\u00a0y en la que el paciente se recupera de manera inmediata tras ella.<\/p>\n<p>Esta t\u00e9cnica se lleva a cabo en los centros est\u00e9ticos de mayor cualificaci\u00f3n ya que necesita una\u00a0<strong>aparatolog\u00eda espec\u00edfica\u00a0<\/strong>para realizarse. Y se hace a \u00a0trav\u00e9s de una gran emisi\u00f3n de energ\u00eda ultras\u00f3nica que, al igual que un haz de luz, pasa hasta las zonas m\u00e1s internas que queremos tratar y\u00a0<strong>sin causar ning\u00fan tipo de da\u00f1o en ninguno de los tejidos de nuestro cuerpo<\/strong>.<\/p>\n<h2><strong>Resultados del HIFU 3D: \u00bfqu\u00e9 vamos a mejorar con esta t\u00e9cnica est\u00e9tica?<\/strong><\/h2>\n<p>Lo primero que tenemos que saber es que\u00a0<strong>actualmente hay dos tipos de HIFU 3D<\/strong>\u00a0dentro de la medicina est\u00e9tica y, aunque ambos funcionan con ultrasonidos,\u00a0<strong>el tratamiento de las zonas y las m\u00e1quinas son completamente distintas<\/strong>.<\/p>\n<p>Los diferentes<strong>\u00a0tipos de HIFU 3D<\/strong>\u00a0son:<\/p>\n<ul>\n<li><strong>HIFU 3D facial<\/strong>, que ayuda a\u00a0<strong>rejuvenecer el rostro, la flacidez y el descolgamiento<\/strong>\u00a0l\u00f3gico de la edad.<\/li>\n<li><strong>HIFU 3D corporal<\/strong>\u00a0que\u00a0<strong>elimina la grasa localizada, remodela el cuerpo y elimina celulitis<\/strong>, michelines y cualquier problema est\u00e9tico que tengamos.<\/li>\n<\/ul>\n<p>Centr\u00e1ndonos en\u00a0<strong>la t\u00e9cnica del HIFU 3D corporal,<\/strong>\u00a0vamos a notar como las grasas localizadas van a desaparecer de manera m\u00e1s f\u00e1cil y r\u00e1pida y c\u00f3mo vamos a tener\u00a0<strong>una piel mucho m\u00e1s tersa, firme y tonificada<\/strong>. Vamos a notar en pocas sesiones que nuestro cuerpo cambia y se remodela en cuesti\u00f3n de d\u00edas.<\/p>\n<p>Desde las primeras sesiones ya vamos a ver resultados reales, pero sin duda el cambio llegar\u00e1 en unos 4-6 meses despu\u00e9s de iniciar el tratamiento. Sin duda, una t\u00e9cnica est\u00e9tica no invasiva con la que\u00a0<strong>s\u00ed conseguimos resultados reales<\/strong>\u00a0y de manera acelerada.<\/p>\n<h2>\u00bfQui\u00e9nes s\u00ed y quienes no pueden optar por el HIFU corporal?<\/h2>\n<p>Como ya hemos dicho antes, la t\u00e9cnica del HIFU 3D que se utiliza en la est\u00e9tica, est\u00e1 recomendada para\u00a0<strong>hombres y mujeres de entre 35 y 65 a\u00f1os<\/strong>. O incluso antes, ya que la grasa acumulada persistente puede aparecer mucho m\u00e1s pronto de lo previsto. Tambi\u00e9n para personas que se preocupan por tener un cuerpo perfecto, pero\u00a0<strong>no quieren someterse a una cirug\u00eda<\/strong>\u00a0para conseguirlo, ya que este tratamiento NO invasivo promete una\u00a0<strong>recuperaci\u00f3n inmediata y resultados pr\u00e1cticamente similares a los que conseguir\u00edamos en un quir\u00f3fano<\/strong>.<\/p>\n<p>Pero tambi\u00e9n hay personas que\u00a0<strong>no pueden someterse<\/strong>\u00a0a este tratamiento, como las mujeres\u00a0<strong>embarazadas, pacientes con diabetes, epilepsia o problemas cut\u00e1neos<\/strong>\u00a0como herpes simple o heridas abiertas u lesiones en la zona a tratar.<\/p>\n","protected":false},"excerpt":{"rendered":"<p>Desde Hollywood hasta nuestro pa\u00eds, muchas son las mujeres que ya han probado los beneficios del HIFU 3D, o lo que es lo mismo,\u00a0ultrasonido focalizado de alta intensidad. \u00bfPero en qu\u00e9 consiste?\u00a0\u00bfQu\u00e9 efectos secundarios o contraindicaciones puedo correr?\u00a0\u00bfLos resultados son tan buenos como nos cuentan? Desde que muchas y muchos famosos confesasen que uno de <a href=\"https:\/\/laserinside.com\/index.php\/hifu-3d\/\" rel=\"nofollow\"><span class=\"sr-only\">Leer m\u00e1sHIFU 3D<\/span>[&hellip;]<\/a><\/p>\n","protected":false},"author":1,"featured_media":0,"parent":0,"menu_order":0,"comment_status":"closed","ping_status":"closed","template":"","meta":[],"yoast_head":"<!-- This site is optimized with the Yoast SEO plugin v14.7 - https:\/\/yoast.com\/wordpress\/plugins\/seo\/ -->\n<title>HIFU 3D - L\u00e1ser Inside<\/title>\n<meta name=\"description\" content=\"Hifu 3\" \/>\n<meta name=\"robots\" content=\"index, follow\" \/>\n<meta name=\"googlebot\" content=\"index, follow, max-snippet:-1, max-image-preview:large, max-video-preview:-1\" \/>\n<meta name=\"bingbot\" content=\"index, follow, max-snippet:-1, max-image-preview:large, max-video-preview:-1\" \/>\n<link rel=\"canonical\" href=\"https:\/\/laserinside.com\/index.php\/hifu-3d\/\" \/>\n<meta property=\"og:locale\" content=\"es_ES\" \/>\n<meta property=\"og:type\" content=\"article\" \/>\n<meta property=\"og:title\" content=\"HIFU 3D - L\u00e1ser Inside\" \/>\n<meta property=\"og:description\" content=\"Hifu 3\" \/>\n<meta property=\"og:url\" content=\"https:\/\/laserinside.com\/index.php\/hifu-3d\/\" \/>\n<meta property=\"og:site_name\" content=\"L\u00e1ser Inside\" \/>\n<meta property=\"article:modified_time\" content=\"2019-05-08T14:30:46+00:00\" \/>\n<meta property=\"og:image\" content=\"http:\/\/laserinside.com\/wp-content\/uploads\/2019\/05\/hifu.barcelona.muslos.cara_.interna.02-1-249x300.jpg\" \/>\n<meta name=\"twitter:card\" content=\"summary_large_image\" \/>\n<script type=\"application\/ld+json\" class=\"yoast-schema-graph\">{\"@context\":\"https:\/\/schema.org\",\"@graph\":[{\"@type\":\"WebSite\",\"@id\":\"https:\/\/laserinside.com\/#website\",\"url\":\"https:\/\/laserinside.com\/\",\"name\":\"L\\u00e1ser Inside\",\"description\":\"Porque tu piel es inteligente\",\"potentialAction\":[{\"@type\":\"SearchAction\",\"target\":\"https:\/\/laserinside.com\/?s={search_term_string}\",\"query-input\":\"required name=search_term_string\"}],\"inLanguage\":\"es\"},{\"@type\":\"ImageObject\",\"@id\":\"https:\/\/laserinside.com\/index.php\/hifu-3d\/#primaryimage\",\"inLanguage\":\"es\",\"url\":\"http:\/\/laserinside.com\/wp-content\/uploads\/2019\/05\/hifu.barcelona.muslos.cara_.interna.02-1-249x300.jpg\"},{\"@type\":\"WebPage\",\"@id\":\"https:\/\/laserinside.com\/index.php\/hifu-3d\/#webpage\",\"url\":\"https:\/\/laserinside.com\/index.php\/hifu-3d\/\",\"name\":\"HIFU 3D - L\\u00e1ser Inside\",\"isPartOf\":{\"@id\":\"https:\/\/laserinside.com\/#website\"},\"primaryImageOfPage\":{\"@id\":\"https:\/\/laserinside.com\/index.php\/hifu-3d\/#primaryimage\"},\"datePublished\":\"2019-05-08T11:53:42+00:00\",\"dateModified\":\"2019-05-08T14:30:46+00:00\",\"description\":\"Hifu 3\",\"inLanguage\":\"es\",\"potentialAction\":[{\"@type\":\"ReadAction\",\"target\":[\"https:\/\/laserinside.com\/index.php\/hifu-3d\/\"]}]}]}<\/script>\n<!-- \/ Yoast SEO plugin. -->","_links":{"self":[{"href":"https:\/\/laserinside.com\/index.php\/wp-json\/wp\/v2\/pages\/241"}],"collection":[{"href":"https:\/\/laserinside.com\/index.php\/wp-json\/wp\/v2\/pages"}],"about":[{"href":"https:\/\/laserinside.com\/index.php\/wp-json\/wp\/v2\/types\/page"}],"author":[{"embeddable":true,"href":"https:\/\/laserinside.com\/index.php\/wp-json\/wp\/v2\/users\/1"}],"replies":[{"embeddable":true,"href":"https:\/\/laserinside.com\/index.php\/wp-json\/wp\/v2\/comments?post=241"}],"version-history":[{"count":1,"href":"https:\/\/laserinside.com\/index.php\/wp-json\/wp\/v2\/pages\/241\/revisions"}],"predecessor-version":[{"id":244,"href":"https:\/\/laserinside.com\/index.php\/wp-json\/wp\/v2\/pages\/241\/revisions\/244"}],"wp:attachment":[{"href":"https:\/\/laserinside.com\/index.php\/wp-json\/wp\/v2\/media?parent=241"}],"curies":[{"name":"wp","href":"https:\/\/api.w.org\/{rel}","templated":true}]}}