{"id":33,"date":"2018-10-26T10:14:25","date_gmt":"2018-10-26T10:14:25","guid":{"rendered":"http:\/\/laserinside.com\/?page_id=33"},"modified":"2020-08-13T11:34:48","modified_gmt":"2020-08-13T09:34:48","slug":"explotacion-compartida","status":"publish","type":"page","link":"https:\/\/laserinside.com\/index.php\/explotacion-compartida\/","title":{"rendered":"Propuesta de Colaboraci\u00f3n"},"content":{"rendered":"\n<div class=\"wp-block-group\"><div class=\"wp-block-group__inner-container\">\n<h4>Colaboraciones con Peluquer\u00edas y Centros de Est\u00e9tica<\/h4>\n<h4 style=\"text-align: left;\">\u00bfEn qu\u00e9 consiste el servicio de colaboraci\u00f3n?<\/h4>\n<p style=\"text-align: left;\">Nuestro personal t\u00e9cnico especializado acudir\u00e1 a tu Sal\u00f3n de Belleza, Centro de Est\u00e9tica o Cl\u00ednica M\u00e9dica, una o varias veces al mes, en funci\u00f3n de la demanda, concertando previamente las citas con una planificaci\u00f3n coordinada para realizar tratamientos con L\u00e1ser de diodo, HIFU 3D y otras fototerapias.<\/p>\n<p style=\"text-align: left;\">Un sistema sencillo y muy profesional en el que nosotros nos encargamos de todo. Env\u00eda un correo a info@laserinside.com o llama al 680 271 075 y te informamos de nuestra propuesta de colaboraci\u00f3n.<\/p>\n<p><\/p>\n<\/div><\/div>\n","protected":false},"excerpt":{"rendered":"","protected":false},"author":1,"featured_media":283,"parent":0,"menu_order":0,"comment_status":"closed","ping_status":"closed","template":"","meta":[],"yoast_head":"<!-- This site is optimized with the Yoast SEO plugin v14.7 - https:\/\/yoast.com\/wordpress\/plugins\/seo\/ -->\n<title>Propuesta de Colaboraci\u00f3n - L\u00e1ser Inside<\/title>\n<meta name=\"robots\" content=\"index, follow\" \/>\n<meta name=\"googlebot\" content=\"index, follow, max-snippet:-1, max-image-preview:large, max-video-preview:-1\" \/>\n<meta name=\"bingbot\" content=\"index, follow, max-snippet:-1, max-image-preview:large, max-video-preview:-1\" \/>\n<link rel=\"canonical\" href=\"https:\/\/laserinside.com\/index.php\/explotacion-compartida\/\" \/>\n<meta property=\"og:locale\" content=\"es_ES\" \/>\n<meta property=\"og:type\" content=\"article\" \/>\n<meta property=\"og:title\" content=\"Propuesta de Colaboraci\u00f3n - L\u00e1ser Inside\" \/>\n<meta property=\"og:url\" content=\"https:\/\/laserinside.com\/index.php\/explotacion-compartida\/\" \/>\n<meta property=\"og:site_name\" content=\"L\u00e1ser Inside\" \/>\n<meta property=\"article:modified_time\" content=\"2020-08-13T09:34:48+00:00\" \/>\n<meta property=\"og:image\" content=\"https:\/\/laserinside.com\/wp-content\/uploads\/2020\/08\/pexels-engin-akyurt-1461000-scaled-e1597312147522.jpg\" \/>\n\t<meta property=\"og:image:width\" content=\"1420\" \/>\n\t<meta property=\"og:image:height\" content=\"1644\" \/>\n<meta name=\"twitter:card\" content=\"summary_large_image\" \/>\n<script type=\"application\/ld+json\" class=\"yoast-schema-graph\">{\"@context\":\"https:\/\/schema.org\",\"@graph\":[{\"@type\":\"WebSite\",\"@id\":\"https:\/\/laserinside.com\/#website\",\"url\":\"https:\/\/laserinside.com\/\",\"name\":\"L\\u00e1ser Inside\",\"description\":\"Porque tu piel es inteligente\",\"potentialAction\":[{\"@type\":\"SearchAction\",\"target\":\"https:\/\/laserinside.com\/?s={search_term_string}\",\"query-input\":\"required name=search_term_string\"}],\"inLanguage\":\"es\"},{\"@type\":\"ImageObject\",\"@id\":\"https:\/\/laserinside.com\/index.php\/explotacion-compartida\/#primaryimage\",\"inLanguage\":\"es\",\"url\":\"https:\/\/laserinside.com\/wp-content\/uploads\/2020\/08\/pexels-engin-akyurt-1461000-scaled-e1597312147522.jpg\",\"width\":1420,\"height\":1644},{\"@type\":\"WebPage\",\"@id\":\"https:\/\/laserinside.com\/index.php\/explotacion-compartida\/#webpage\",\"url\":\"https:\/\/laserinside.com\/index.php\/explotacion-compartida\/\",\"name\":\"Propuesta de Colaboraci\\u00f3n - L\\u00e1ser Inside\",\"isPartOf\":{\"@id\":\"https:\/\/laserinside.com\/#website\"},\"primaryImageOfPage\":{\"@id\":\"https:\/\/laserinside.com\/index.php\/explotacion-compartida\/#primaryimage\"},\"datePublished\":\"2018-10-26T10:14:25+00:00\",\"dateModified\":\"2020-08-13T09:34:48+00:00\",\"inLanguage\":\"es\",\"potentialAction\":[{\"@type\":\"ReadAction\",\"target\":[\"https:\/\/laserinside.com\/index.php\/explotacion-compartida\/\"]}]}]}<\/script>\n<!-- \/ Yoast SEO plugin. -->","_links":{"self":[{"href":"https:\/\/laserinside.com\/index.php\/wp-json\/wp\/v2\/pages\/33"}],"collection":[{"href":"https:\/\/laserinside.com\/index.php\/wp-json\/wp\/v2\/pages"}],"about":[{"href":"https:\/\/laserinside.com\/index.php\/wp-json\/wp\/v2\/types\/page"}],"author":[{"embeddable":true,"href":"https:\/\/laserinside.com\/index.php\/wp-json\/wp\/v2\/users\/1"}],"replies":[{"embeddable":true,"href":"https:\/\/laserinside.com\/index.php\/wp-json\/wp\/v2\/comments?post=33"}],"version-history":[{"count":22,"href":"https:\/\/laserinside.com\/index.php\/wp-json\/wp\/v2\/pages\/33\/revisions"}],"predecessor-version":[{"id":298,"href":"https:\/\/laserinside.com\/index.php\/wp-json\/wp\/v2\/pages\/33\/revisions\/298"}],"wp:featuredmedia":[{"embeddable":true,"href":"https:\/\/laserinside.com\/index.php\/wp-json\/wp\/v2\/media\/283"}],"wp:attachment":[{"href":"https:\/\/laserinside.com\/index.php\/wp-json\/wp\/v2\/media?parent=33"}],"curies":[{"name":"wp","href":"https:\/\/api.w.org\/{rel}","templated":true}]}}